{"id":10591,"date":"2019-06-07T10:23:53","date_gmt":"2019-06-07T15:23:53","guid":{"rendered":"http:\/\/demo.thimpress.com\/eduma\/?page_id=12"},"modified":"2026-01-30T11:57:05","modified_gmt":"2026-01-30T16:57:05","slug":"home","status":"publish","type":"page","link":"https:\/\/cerelrecreo.edu.co\/web\/","title":{"rendered":"Inicio"},"content":{"rendered":"<div class=\"wpb-content-wrapper\"><p>[vc_row full_width=\u00bbstretch_row\u00bb css=\u00bb.vc_custom_1687880406543{margin-bottom: 0px !important;}\u00bb][vc_column][rev_slider_vc alias=\u00bbhome-page\u00bb][\/vc_column][\/vc_row][vc_row css=\u00bb.vc_custom_1769792115204{margin-top: -90px !important;background-color: #65e2e8 !important;}\u00bb el_class=\u00bbrow_relative\u00bb][vc_column width=\u00bb2\/3&#8243; css=\u00bb.vc_custom_1532058844902{padding-top: 0px !important;}\u00bb][vc_row_inner css=\u00bb.vc_custom_1532058886594{margin-bottom: 0px !important;padding-top: 35px !important;padding-right: 20px !important;padding-bottom: 30px !important;padding-left: 20px !important;}\u00bb][vc_column_inner width=\u00bb1\/3&#8243;]<div class=\"thim-widget-icon-box template-base\"><div class=\"wrapper-box-icon text-left \" ><div class=\"smicon-box iconbox-left\" style=\"--icon-font-size:48px;--icon-color:#ffffff;--icon-width: 60px;--icon-height: 55px;--icon-color-hover:#dfc290;\"><div class=\"boxes-icon\"><a class=\"icon-box-link\" target=\"_self\" href=\"#\"><span class=\"inner-icon\"><span class=\"icon\"><i class=\"fas fa-briefcase\"\"><\/i><\/span><\/span><\/span><\/a><\/div><div class=\"content-inner\"><div class=\"sc-heading article_heading\"><h3 class = \"heading__primary\" style=\"--title-color: #ffffff;--title-font-size: 18px;--title-font-weight: 400;--title-margin-bottom: 5px;\"><a class=\"icon-box-link\" target=\"_self\" href=\"#\" >MODALIDADES T\u00c9CNICAS<\/a><\/h3><\/div><\/div><\/div><\/div><\/div>[\/vc_column_inner][vc_column_inner width=\u00bb1\/3&#8243;]<div class=\"thim-widget-icon-box template-base\"><div class=\"wrapper-box-icon text-left \" ><div class=\"smicon-box iconbox-left\" style=\"--icon-font-size:48px;--icon-color:#ffffff;--icon-width: 60px;--icon-height: 55px;--icon-color-hover:#dfc290;\"><div class=\"boxes-icon\"><a class=\"icon-box-link\" target=\"_self\" href=\"#\"><span class=\"inner-icon\"><span class=\"icon\"><i class=\"ion-ios-book-outline\"\"><\/i><\/span><\/span><\/span><\/a><\/div><div class=\"content-inner\"><div class=\"sc-heading article_heading\"><h3 class = \"heading__primary\" style=\"--title-color: #ffffff;--title-font-size: 18px;--title-font-weight: 400;--title-margin-bottom: 5px;\"><a class=\"icon-box-link\" target=\"_self\" href=\"#\" >EDUCACI\u00d3N<\/a><\/h3><\/div><div class=\"desc-icon-box\"><div class=\"desc-content\" style=\"color: #292929;font-size: 16px;font-weight: 300;line-height: 23px;\">Preescolar y Primaria<\/div><\/div><\/div><\/div><\/div><\/div>[\/vc_column_inner][vc_column_inner width=\u00bb1\/3&#8243;]<div class=\"thim-widget-icon-box template-base\"><div class=\"wrapper-box-icon text-left \" ><div class=\"smicon-box iconbox-left\" style=\"--icon-font-size:48px;--icon-color:#ffffff;--icon-width: 60px;--icon-height: 55px;--icon-color-hover:#dda94f;\"><div class=\"boxes-icon\"><a class=\"icon-box-link\" target=\"_self\" href=\"#\"><span class=\"inner-icon\"><span class=\"icon\"><i class=\"ion-ios-basketball-outline\"\"><\/i><\/span><\/span><\/span><\/a><\/div><div class=\"content-inner\"><div class=\"sc-heading article_heading\"><h3 class = \"heading__primary\" style=\"--title-color: #ffffff;--title-font-size: 18px;--title-font-weight: 400;--title-margin-bottom: 5px;\"><a class=\"icon-box-link\" target=\"_self\" href=\"#\" >EDUCACI\u00d3N<\/a><\/h3><\/div><div class=\"desc-icon-box\"><div class=\"desc-content\" style=\"color: #292929;font-size: 16px;font-weight: 300;line-height: 23px;\">Secundaria y Media<\/div><\/div><\/div><\/div><\/div><\/div>[\/vc_column_inner][\/vc_row_inner][\/vc_column][vc_column width=\u00bb1\/3&#8243; el_class=\u00bbfeature-icon-box\u00bb css=\u00bb.vc_custom_1532058945916{padding-top: 35px !important;padding-right: 0px !important;padding-bottom: 33px !important;padding-left: 30px !important;}\u00bb]<div class=\"thim-widget-icon-box template-base\"><div class=\"wrapper-box-icon text-left \" ><div class=\"smicon-box iconbox-right\" style=\"--icon-font-size:38px;--icon-color:#ffffff;--icon-width: 80px;--icon-height: 42px;--icon-color-hover:#842f30;\"><div class=\"boxes-icon\"><a class=\"icon-box-link\" target=\"_self\" href=\"https:\/\/cerelrecreo.edu.co\/web\/#\"><span class=\"inner-icon\"><span class=\"icon\"><i class=\"fas fa-graduation-cap\"\"><\/i><\/span><\/span><\/span><\/a><\/div><div class=\"content-inner\"><div class=\"sc-heading article_heading\"><h2 class = \"heading__primary\" style=\"--title-color: #ffffff;--title-font-size: 20px;--title-font-weight: 500;--title-margin-bottom: 5px;\"><a class=\"icon-box-link\" target=\"_self\" href=\"https:\/\/cerelrecreo.edu.co\/web\/#\" >REGISTRO DE EGRESADOS<\/a><\/h2><\/div><div class=\"desc-icon-box\"><div class=\"desc-content\" style=\"color: #ffffff;font-size: 16px;font-weight: 300;line-height: 23px;\">Actualizaci\u00f3n de Datos<\/div><\/div><\/div><\/div><\/div><\/div>[\/vc_column][\/vc_row][vc_row][vc_column width=\u00bb1\/2&#8243;]<div class=\"thim-widget-heading template-base\"><div class=\"sc_heading  \"><h3 class=\"title\">Nuestra P\u00e1gina de <strong>Facebook<\/strong><\/h3><\/div><\/div>[vc_column_text css=\u00bb\u00bb]<\/p>\n<p><center><iframe loading=\"lazy\" style=\"border: none; overflow: hidden;\" src=\"https:\/\/www.facebook.com\/plugins\/page.php?href=https%3A%2F%2Fwww.facebook.com%2Fprofile.php%3Fid%3D61576066304147&amp;tabs=timeline&amp;width=450&amp;height=600&amp;small_header=false&amp;adapt_container_width=true&amp;hide_cover=false&amp;show_facepile=true&amp;appId\" width=\"450\" height=\"600\" frameborder=\"0\" scrolling=\"no\" allowfullscreen=\"allowfullscreen\"><\/iframe><center><\/center><\/center>[\/vc_column_text][\/vc_column][vc_column width=\u00bb1\/2&#8243;]<div class=\"thim-widget-heading template-base\"><div class=\"sc_heading  \"><h3 style=\"color:#292929;font-size:35px;font-weight:600;\" class=\"title\">\u00daltimas <strong>Noticias<\/strong><\/h3><\/div><\/div><div class=\"thim-widget-list-post template-list-post\">\n<div class=\"sc-list-post thim-list-posts home-new\" >\n\t<div class=\"item-post post-11938 post type-post status-publish format-image hentry category-noticias post_format-post-format-image\">\n\t\t<div class=\"article-title-wrapper\"><h5 class=\"title\"><a href=\"https:\/\/cerelrecreo.edu.co\/web\/rendicion-de-cuentas-2025\/\" class=\"article-title\">RENDICI\u00d3N DE CUENTAS VIGENCIA 2025<\/a><\/h5><div class=\"article-date\"><i class=\"tk tk-calendar-with-week-focus\"><\/i> 30 enero, 2026<\/div><div class=\"description\"><p>\ud83d\udce2 ATENCI\u00d3N COMUNIDAD EDUCATIVA Informamos que la Rendici\u00f3n de Cuentas 2025 de la CER El Recreo ha sido reprogramada. \ud83d\udcc5 Agradecemos su comprensi\u00f3n y los invitamos a participar activamente en este importante espacio institucional<\/p><\/div><\/div><\/div>\n\t<div class=\"item-post post-11895 post type-post status-publish format-standard hentry category-noticias\">\n\t\t<div class=\"article-title-wrapper\"><h5 class=\"title\"><a href=\"https:\/\/cerelrecreo.edu.co\/web\/rendicion-de-cuentas-vigencia-2024\/\" class=\"article-title\">RENDICI\u00d3N DE CUENTAS VIGENCIA 2024<\/a><\/h5><div class=\"article-date\"><i class=\"tk tk-calendar-with-week-focus\"><\/i> 18 febrero, 2025<\/div><div class=\"description\"><p>EL D\u00cdA VIERNES 28 DE FEBRERO A LAS 9:00 AM SE REALIZAR\u00c1 LA RENDICI\u00d3N DE CUENTAS P\u00daBLICA DEL CER EL RECREO VIGENCIA 2024 EN EL SAL\u00d3N JUAN PABLO II EN EL CORREGIMIENTO DE LAS MERCEDES.<\/p><\/div><\/div><\/div>\n\t<div class=\"item-post post-11834 post type-post status-publish format-gallery has-post-thumbnail hentry category-noticias post_format-post-format-gallery\">\n\t\t<div class=\"article-title-wrapper\"><h5 class=\"title\"><a href=\"https:\/\/cerelrecreo.edu.co\/web\/eleccion-personero-2024\/\" class=\"article-title\">ELECCI\u00d3N PERSONERO 2024<\/a><\/h5><div class=\"article-date\"><i class=\"tk tk-calendar-with-week-focus\"><\/i> 1 abril, 2024<\/div><div class=\"description\"><p>Para el mes de febrero, se llev\u00f3 a cabo la elecci\u00f3n de personero y contralor, donde las sedes educativas con post primaria postularon sus candidatos junto con las propuestas para que los estudiantes de cada una de las sedes llevaran &#8230;<\/p><\/div><\/div><\/div>\n\t<div class=\"item-post post-11819 post type-post status-publish format-gallery hentry category-noticias post_format-post-format-gallery\">\n\t\t<div class=\"article-title-wrapper\"><h5 class=\"title\"><a href=\"https:\/\/cerelrecreo.edu.co\/web\/rendicion-de-cuentas-2023\/\" class=\"article-title\">RENDICI\u00d3N DE CUENTAS 2023<\/a><\/h5><div class=\"article-date\"><i class=\"tk tk-calendar-with-week-focus\"><\/i> 23 febrero, 2024<\/div><div class=\"description\"><p>el d\u00eda jueves 29 de febrero del 2024 a las 8:00 a.m., se realizar\u00e1 la audiencia de rendici\u00f3n de cuentas por parte del equipo del CER EL RECREO, de esta manera se invita a toda la comunidad educativa a la &#8230;<\/p><\/div><\/div><\/div><\/div><\/div>[\/vc_column][vc_column][vc_zigzag css=\u00bb.vc_custom_1553787417949{margin-top: 15px !important;}\u00bb][\/vc_column][\/vc_row][vc_row full_width=\u00bbstretch_row\u00bb gap=\u00bb15&#8243; css=\u00bb.vc_custom_1548372508104{margin-bottom: 0px !important;padding-top: 10px !important;padding-bottom: 10px !important;background-color: #ffffff !important;}\u00bb][vc_column width=\u00bb1\/2&#8243; css=\u00bb.vc_custom_1548712686673{padding-top: 10px !important;}\u00bb]<div class=\"thim-widget-heading template-base\"><div class=\"sc_heading  \"><h3 style=\"color:#292929;font-size:35px;font-weight:600;\" class=\"title\"><strong>Bienvenidos <\/strong>a Nuestra Instituci\u00f3n<\/h3><\/div><\/div>[vc_column_text css=\u00bb.vc_custom_1554594376781{margin-top: -15px !important;padding-right: 35px !important;}\u00bb]<strong>Bienvenidos a nuestro sitio Web<\/strong><\/p>\n<p>Nuestra instituci\u00f3n&#8230;[\/vc_column_text][\/vc_column][vc_column width=\u00bb1\/2&#8243; el_class=\u00bbthim-border-left-event\u00bb css=\u00bb.vc_custom_1548712678872{padding-top: 10px !important;}\u00bb][\/vc_column][\/vc_row][vc_row full_width=\u00bbstretch_row\u00bb disable_element=\u00bbyes\u00bb css=\u00bb.vc_custom_1560011388305{margin-bottom: 0px !important;padding-top: 60px !important;padding-bottom: 60px !important;background-color: #353866 !important;}\u00bb][vc_column width=\u00bb1\/4&#8243; css=\u00bb.vc_custom_1532062830416{padding-top: 0px !important;}\u00bb]<div class=\"vc-extral_class home-grad\"><div class=\"thim-widget-counters-box template-base\"><div class=\"counter-box home-page\" style=\"\"><div class=\"content-box-percentage\">\n\t\t<div class=\"wrap-percentage\">\n\t\t<div class=\"display-percentage\" data-percentage=\"95\" >95<\/div><div class=\"text_number\">%<\/div><\/div><div class=\"counter-content-container\"><div class=\"counter-box-content\" style=\"\">Estudiantes Aprobados<\/div><\/div><\/div><\/div><\/div><\/div>[\/vc_column][vc_column width=\u00bb1\/4&#8243; css=\u00bb.vc_custom_1549114450977{padding-top: 0px !important;}\u00bb]<div class=\"vc-extral_class home-grad\"><div class=\"thim-widget-counters-box template-base\"><div class=\"counter-box home-page\" style=\"\"><div class=\"content-box-percentage\">\n\t\t<div class=\"wrap-percentage\">\n\t\t<div class=\"display-percentage\" data-percentage=\"60\" >60<\/div><div class=\"text_number\">K<\/div><\/div><div class=\"counter-content-container\"><div class=\"counter-box-content\" style=\"\">Estudiantes Atendidos<\/div><\/div><\/div><\/div><\/div><\/div>[\/vc_column][vc_column width=\u00bb1\/4&#8243; css=\u00bb.vc_custom_1532062843476{padding-top: 0px !important;}\u00bb]<div class=\"vc-extral_class home-grad\"><div class=\"thim-widget-counters-box template-base\"><div class=\"counter-box home-page\" style=\"\"><div class=\"content-box-percentage\">\n\t\t<div class=\"wrap-percentage\">\n\t\t<div class=\"display-percentage\" data-percentage=\"3200\" >3200<\/div><div class=\"text_number\"><\/div><\/div><div class=\"counter-content-container\"><div class=\"counter-box-content\" style=\"\">Estudiantes Graduados<\/div><\/div><\/div><\/div><\/div><\/div>[\/vc_column][vc_column width=\u00bb1\/4&#8243; css=\u00bb.vc_custom_1532062850425{padding-top: 0px !important;}\u00bb]<div class=\"vc-extral_class home-grad\"><div class=\"thim-widget-counters-box template-base\"><div class=\"counter-box home-page\" style=\"\"><div class=\"content-box-percentage\">\n\t\t<div class=\"wrap-percentage\">\n\t\t<div class=\"display-percentage\" data-percentage=\"45\" >45<\/div><div class=\"text_number\"><\/div><\/div><div class=\"counter-content-container\"><div class=\"counter-box-content\" style=\"\">A\u00f1os de Historia<\/div><\/div><\/div><\/div><\/div><\/div>[\/vc_column][\/vc_row][vc_row content_placement=\u00bbmiddle\u00bb css=\u00bb.vc_custom_1739410743524{margin-top: 30px !important;background-image: url(https:\/\/cerelrecreo.edu.co\/web\/wp-content\/uploads\/2025\/02\/Teprot.png?id=11846) !important;background-position: center !important;background-repeat: no-repeat !important;background-size: cover !important;}\u00bb el_id=\u00bb#teprotejo\u00bb][vc_column width=\u00bb1\/3&#8243;][\/vc_column][vc_column width=\u00bb1\/3&#8243;]<div class=\"thim-widget-heading template-base\"><div class=\"sc_heading  text-center\"><h3 style=\"color:#1e73be;font-size:20px;font-weight:bold;\" class=\"title\">TeGu\u00edo<\/h3><\/div><\/div>[vc_column_text css=\u00bb\u00bb]<\/p>\n<p style=\"text-align: center;\">Si tienes dudas sobre l\u00edmites en las relaciones, consentimiento, contacto con material de explotaci\u00f3n sexual de ni\u00f1as, ni\u00f1os y adolescentes, preocupaciones sobre los intereses, comentarios o comportamientos sexuales de alguien menor de 18 a\u00f1os, en Te Gu\u00edo est\u00e1 bien preguntar.<\/p>\n<p>[\/vc_column_text][vc_btn title=\u00bbVisitar Sitio\u00bb style=\u00bb3d\u00bb color=\u00bbprimary\u00bb size=\u00bbsm\u00bb align=\u00bbcenter\u00bb i_icon_fontawesome=\u00bbfas fa-external-link-alt\u00bb css=\u00bb\u00bb add_icon=\u00bbtrue\u00bb link=\u00bburl:https%3A%2F%2Fwww.teguiocolombia.org%2Findex.html|target:_blank\u00bb][\/vc_column][vc_column width=\u00bb1\/3&#8243;][\/vc_column][\/vc_row][vc_row full_width=\u00bbstretch_row\u00bb][vc_column width=\u00bb1\/3&#8243;]<div class=\"thim-widget-heading template-base\"><div class=\"sc_heading  \"><h3 style=\"color:#292929;font-size:35px;font-weight:600;\" class=\"title\">Nuestra <strong>Misi\u00f3n<\/strong><\/h3><\/div><\/div>[vc_column_text css=\u00bb.vc_custom_1554594393598{margin-bottom: 35px !important;}\u00bb]<\/p>\n<div class=\"textwidget\">\n<p style=\"text-align: left;\">La Instituci\u00f3n Educativa &#8230;<\/p>\n<\/div>\n<p>[\/vc_column_text]<div class=\"thim-widget-button template-base\"><a class=\"widget-button very-rounded no-border small custom_style\" href=\"https:\/\/cerelrecreo.edu.co\/web\/nuestro-colegio\/\" style=\"--widget-button-font-size: 14px;--widget-button-font-weight: 400;--widget-button-color: #ffffff;--widget-button-background-color: #198f19;--widget-button-color-hover: #ffffff;--widget-button-background-color-hover: #1c9b8e;\"><i class=\"fa fa-plus\" style=\"font-size: 14px;\"><\/i> Informaci\u00f3n<\/a><\/div>[\/vc_column][vc_column width=\u00bb1\/3&#8243;]<div class=\"thim-widget-heading template-base\"><div class=\"sc_heading  text-center\"><h3 style=\"color:#292929;font-size:35px;font-weight:600;\" class=\"title\">Nuestro <strong>Escudo<\/strong><\/h3><\/div><\/div>[vc_single_image image=\u00bb11904&#8243; img_size=\u00bbmedium\u00bb alignment=\u00bbcenter\u00bb css=\u00bb\u00bb][\/vc_column][vc_column width=\u00bb1\/3&#8243;]<div class=\"thim-widget-heading template-base\"><div class=\"sc_heading  text-center\"><h3 style=\"color:#292929;font-size:35px;font-weight:600;\" class=\"title\">Nuestra<strong> Visi\u00f3n <\/strong><\/h3><\/div><\/div>[\/vc_column][\/vc_row][vc_row css=\u00bb.vc_custom_1548794962314{padding-top: 0px !important;padding-bottom: 0px !important;}\u00bb][vc_column][vc_separator]<div class=\"thim-widget-heading template-base\"><div class=\"sc_heading  text-center\"><h3 class=\"title\">Nuestra <strong> Galer\u00eda <strong><\/h3><\/div><\/div><div class=\"thim-widget-gallery-posts template-gallery-posts\">\n\n\t<div class=\"wrapper-gallery-filter isotope-layout\" itemscope itemtype=\"http:\/\/schema.org\/ItemList\">\n\t\t<div class=\"item_gallery size11 filter-3479\"><a class=\"thim-gallery-popup\" href=\"#\" data-id=\"11901\"><div class=\"info_post\"><span class=\"inner-info\"><i class=\"fas fa-expand\"><\/i> RENDICI\u00d3N P\u00daBLICA DE CUENTAS VIGENCIA 2024<\/span><\/div><img loading=\"lazy\" decoding=\"async\" src=\"https:\/\/cerelrecreo.edu.co\/web\/wp-content\/uploads\/2025\/02\/RDC-2024-225x225.jpg\" alt=\"RENDICI\u00d3N P\u00daBLICA DE CUENTAS VIGENCIA 2024\" title=\"RDC 2024\"  width=\"225\" height=\"225\"><\/a><\/div><div class=\"item_gallery size11 filter-3479\"><a class=\"thim-gallery-popup\" href=\"#\" data-id=\"11879\"><div class=\"info_post\"><span class=\"inner-info\"><i class=\"fas fa-expand\"><\/i> GRADUACI\u00d3N 2024<\/span><\/div><img loading=\"lazy\" decoding=\"async\" src=\"https:\/\/cerelrecreo.edu.co\/web\/wp-content\/uploads\/2025\/02\/WhatsApp-Image-2025-02-18-at-6.05.45-PM-225x225.jpeg\" alt=\"GRADUACI\u00d3N 2024\" title=\"WhatsApp Image 2025-02-18 at 6.05.45 PM\"  width=\"225\" height=\"225\"><\/a><\/div><div class=\"item_gallery size11 filter-3479\"><a class=\"thim-gallery-popup\" href=\"#\" data-id=\"11850\"><div class=\"info_post\"><span class=\"inner-info\"><i class=\"fas fa-expand\"><\/i> INTERCLASES 2024<\/span><\/div><img loading=\"lazy\" decoding=\"async\" src=\"https:\/\/cerelrecreo.edu.co\/web\/wp-content\/uploads\/2025\/02\/WhatsApp-Image-2024-09-21-at-12.43.21-PM-225x225.jpeg\" alt=\"INTERCLASES 2024\" title=\"WhatsApp Image 2024-09-21 at 12.43.21 PM\"  width=\"225\" height=\"225\"><\/a><\/div><div class=\"item_gallery size11 filter-3467\"><a class=\"thim-gallery-popup\" href=\"#\" data-id=\"11834\"><div class=\"info_post\"><span class=\"inner-info\"><i class=\"fas fa-expand\"><\/i> ELECCI\u00d3N PERSONERO 2024<\/span><\/div><img loading=\"lazy\" decoding=\"async\" src=\"https:\/\/cerelrecreo.edu.co\/web\/wp-content\/uploads\/2024\/04\/Captura-de-pantalla-2024-04-01-113610-225x225.jpg\" alt=\"ELECCI\u00d3N PERSONERO 2024\" title=\"Captura de pantalla 2024-04-01 113610\"  width=\"225\" height=\"225\"><\/a><\/div><div class=\"item_gallery size11 filter-3479\"><a class=\"thim-gallery-popup\" href=\"#\" data-id=\"11822\"><div class=\"info_post\"><span class=\"inner-info\"><i class=\"fas fa-expand\"><\/i> RENDICI\u00d3N DE CUENTAS VIGENCIA 2023<\/span><\/div><img loading=\"lazy\" decoding=\"async\" src=\"https:\/\/cerelrecreo.edu.co\/web\/wp-content\/uploads\/2024\/04\/WhatsApp-Image-2024-03-11-at-4.57.22-AM-1-225x225.jpeg\" alt=\"RENDICI\u00d3N DE CUENTAS VIGENCIA 2023\" title=\"WhatsApp Image 2024-03-11 at 4.57.22 AM (1)\"  width=\"225\" height=\"225\"><\/a><\/div><div class=\"item_gallery size11 filter-3467\"><a class=\"thim-gallery-popup\" href=\"#\" data-id=\"11819\"><div class=\"info_post\"><span class=\"inner-info\"><i class=\"fas fa-expand\"><\/i> RENDICI\u00d3N DE CUENTAS 2023<\/span><\/div><img decoding=\"async\" src=\"https:\/\/cerelrecreo.edu.co\/web\/wp-content\/uploads\/2019\/01\/demo_image.jpg\" alt=\"RENDICI\u00d3N DE CUENTAS 2023\" title=\"demo_image\" ><\/a><\/div>\t<\/div>\n\t<div class=\"thim-gallery-show\"><\/div>\n\n\t<\/div>[\/vc_column][\/vc_row][vc_row full_width=\u00bbstretch_row\u00bb css=\u00bb.vc_custom_1739410822018{padding-top: 80px !important;padding-bottom: 80px !important;background-color: #71cefc !important;}\u00bb][vc_column css=\u00bb.vc_custom_1532076559485{padding-top: 0px !important;}\u00bb]<div class=\"vc-extral_class wpb_animate_when_almost_visible wpb_left-to-right left-to-right\"><div class=\"thim-widget-gallery-images template-base\"><div class=\"thim-carousel-wrapper gallery-img\" data-visible=\"3\" data-itemtablet=\"3\" data-itemmobile=\"3\" data-autoplay=\"0\" data-navigation=\"1\" data-pagination=\"1\" data-loop=\"true\"><div class=\"item\"><a target=_blank href=\"https:\/\/teprotejocolombia.org\/\"><img loading=\"lazy\" decoding=\"async\" width=\"412\" height=\"150\" src=\"https:\/\/cerelrecreo.edu.co\/web\/wp-content\/uploads\/2025\/02\/TEPROTEJO.png\" class=\"attachment-large size-large\" alt=\"\" srcset=\"https:\/\/cerelrecreo.edu.co\/web\/wp-content\/uploads\/2025\/02\/TEPROTEJO.png 412w, https:\/\/cerelrecreo.edu.co\/web\/wp-content\/uploads\/2025\/02\/TEPROTEJO-300x109.png 300w\" sizes=\"auto, (max-width: 412px) 100vw, 412px\" \/><\/a><\/div><div class=\"item\"><a target=_blank href=\"https:\/\/www.sena.edu.co\/es-co\/Paginas\/default.aspx\"><img loading=\"lazy\" decoding=\"async\" width=\"153\" height=\"150\" src=\"https:\/\/cerelrecreo.edu.co\/web\/wp-content\/uploads\/2025\/02\/logoSena-e1737411421366.png\" class=\"attachment-large size-large\" alt=\"\" \/><\/a><\/div><div class=\"item\"><a target=_blank href=\"https:\/\/www.icfes.gov.co\/\"><img loading=\"lazy\" decoding=\"async\" width=\"108\" height=\"150\" src=\"https:\/\/cerelrecreo.edu.co\/web\/wp-content\/uploads\/2025\/02\/ICFES.png\" class=\"attachment-large size-large\" alt=\"\" \/><\/a><\/div><\/div><\/div><\/div>[\/vc_column][\/vc_row][vc_row][vc_column][vc_column_text]<\/strong><\/strong>[\/vc_column_text][\/vc_column][\/vc_row]<\/p>\n<\/div>","protected":false},"excerpt":{"rendered":"<p>[vc_row full_width=\u00bbstretch_row\u00bb css=\u00bb.vc_custom_1687880406543{margin-bottom: 0px !important;}\u00bb][vc_column][rev_slider_vc alias=\u00bbhome-page\u00bb][\/vc_column][\/vc_row][vc_row css=\u00bb.vc_custom_1769792115204{margin-top: -90px !important;background-color: #65e2e8 !important;}\u00bb el_class=\u00bbrow_relative\u00bb][vc_column width=\u00bb2\/3&#8243; css=\u00bb.vc_custom_1532058844902{padding-top: 0px !important;}\u00bb][vc_row_inner css=\u00bb.vc_custom_1532058886594{margin-bottom: 0px !important;padding-top: 35px !important;padding-right: 20px !important;padding-bottom: 30px !important;padding-left: 20px !important;}\u00bb][vc_column_inner width=\u00bb1\/3&#8243;][\/vc_column_inner][vc_column_inner width=\u00bb1\/3&#8243;][\/vc_column_inner][vc_column_inner width=\u00bb1\/3&#8243;][\/vc_column_inner][\/vc_row_inner][\/vc_column][vc_column width=\u00bb1\/3&#8243; el_class=\u00bbfeature-icon-box\u00bb css=\u00bb.vc_custom_1532058945916{padding-top: 35px !important;padding-right: 0px !important;padding-bottom: 33px !important;padding-left: 30px &hellip; <\/p>\n","protected":false},"author":1,"featured_media":0,"parent":0,"menu_order":0,"comment_status":"closed","ping_status":"closed","template":"page-templates\/homepage.php","meta":{"footnotes":""},"class_list":["post-10591","page","type-page","status-publish","hentry"],"_links":{"self":[{"href":"https:\/\/cerelrecreo.edu.co\/web\/wp-json\/wp\/v2\/pages\/10591","targetHints":{"allow":["GET"]}}],"collection":[{"href":"https:\/\/cerelrecreo.edu.co\/web\/wp-json\/wp\/v2\/pages"}],"about":[{"href":"https:\/\/cerelrecreo.edu.co\/web\/wp-json\/wp\/v2\/types\/page"}],"author":[{"embeddable":true,"href":"https:\/\/cerelrecreo.edu.co\/web\/wp-json\/wp\/v2\/users\/1"}],"replies":[{"embeddable":true,"href":"https:\/\/cerelrecreo.edu.co\/web\/wp-json\/wp\/v2\/comments?post=10591"}],"version-history":[{"count":52,"href":"https:\/\/cerelrecreo.edu.co\/web\/wp-json\/wp\/v2\/pages\/10591\/revisions"}],"predecessor-version":[{"id":11952,"href":"https:\/\/cerelrecreo.edu.co\/web\/wp-json\/wp\/v2\/pages\/10591\/revisions\/11952"}],"wp:attachment":[{"href":"https:\/\/cerelrecreo.edu.co\/web\/wp-json\/wp\/v2\/media?parent=10591"}],"curies":[{"name":"wp","href":"https:\/\/api.w.org\/{rel}","templated":true}]}}